{"id":1642,"date":"2021-12-02T16:25:59","date_gmt":"2021-12-02T16:25:59","guid":{"rendered":"https:\/\/alfarerosdejuanatrigo.com\/empresa\/"},"modified":"2022-02-04T15:16:22","modified_gmt":"2022-02-04T15:16:22","slug":"empresa","status":"publish","type":"page","link":"https:\/\/alfarerosdejuanatrigo.com\/fr\/empresa\/","title":{"rendered":"Notre entreprise"},"content":{"rendered":"\n  <div class=\"banner has-hover has-parallax\" id=\"banner-2051871010\">\n          <div class=\"banner-inner fill\">\n        <div class=\"banner-bg fill\" data-parallax=\"-6\" data-parallax-container=\".banner\" data-parallax-background>\n            <img loading=\"lazy\" decoding=\"async\" width=\"959\" height=\"565\" src=\"https:\/\/alfarerosdejuanatrigo.com\/wp-content\/uploads\/2022\/01\/cuidar-macetas-barro.jpg\" class=\"bg attachment-large size-large\" alt=\"\" \/>                        <div class=\"overlay\"><\/div>            \n                    <\/div>\n\t\t\n        <div class=\"banner-layers container\">\n            <div class=\"fill banner-link\"><\/div>            \n   <div id=\"text-box-838783019\" class=\"text-box banner-layer x50 md-x50 lg-x50 y50 md-y50 lg-y50 res-text\">\n                                <div class=\"text-box-content text dark\">\n              \n              <div class=\"text-inner text-center\">\n                  \n<h2 class=\"lead\">Notre entreprise<\/h2>\n              <\/div>\n           <\/div>\n                            \n<style>\n#text-box-838783019 {\n  width: 60%;\n}\n#text-box-838783019 .text-box-content {\n  font-size: 100%;\n}\n<\/style>\n    <\/div>\n \n        <\/div>\n      <\/div>\n\n            \n<style>\n#banner-2051871010 {\n  padding-top: 200px;\n}\n#banner-2051871010 .overlay {\n  background-color: rgba(0, 0, 0, 0.49);\n}\n<\/style>\n  <\/div>\n\n\n\n\t<section class=\"section\" id=\"section_1114264496\">\n\t\t<div class=\"section-bg fill\" >\n\t\t\t\t\t\t\t\t\t<div class=\"section-bg-overlay absolute fill\"><\/div>\n\t\t\t\n\t<div class=\"is-border\"\n\t\tstyle=\"border-width:1px 0px 1px 0px;\">\n\t<\/div>\n\n\t\t<\/div>\n\n\t\t\n\n\t\t<div class=\"section-content relative\">\n\t\t\t\n<div class=\"row row-large align-middle\"  id=\"row-974843664\">\n\n\t<div id=\"col-1165541504\" class=\"col medium-6 small-12 large-6\"  data-animate=\"fadeInLeft\">\n\t\t\t\t<div class=\"col-inner\"  >\n\t\t\t\n\t\t\t\n\t<div class=\"img has-hover x md-x lg-x y md-y lg-y\" id=\"image_745401412\">\n\t\t\t\t\t\t\t\t<div class=\"img-inner box-shadow-2 dark\" >\n\t\t\t<img loading=\"lazy\" decoding=\"async\" width=\"1020\" height=\"680\" src=\"https:\/\/alfarerosdejuanatrigo.com\/wp-content\/uploads\/2021\/12\/Imagen-1-Sobre-N-1200x800.jpg\" class=\"attachment-large size-large\" alt=\"\" srcset=\"https:\/\/alfarerosdejuanatrigo.com\/wp-content\/uploads\/2021\/12\/Imagen-1-Sobre-N-1200x800.jpg 1200w, https:\/\/alfarerosdejuanatrigo.com\/wp-content\/uploads\/2021\/12\/Imagen-1-Sobre-N-600x400.jpg 600w, https:\/\/alfarerosdejuanatrigo.com\/wp-content\/uploads\/2021\/12\/Imagen-1-Sobre-N-768x512.jpg 768w, https:\/\/alfarerosdejuanatrigo.com\/wp-content\/uploads\/2021\/12\/Imagen-1-Sobre-N-1536x1024.jpg 1536w, https:\/\/alfarerosdejuanatrigo.com\/wp-content\/uploads\/2021\/12\/Imagen-1-Sobre-N-2048x1365.jpg 2048w\" sizes=\"auto, (max-width: 1020px) 100vw, 1020px\" \/>\t\t\t\t\t\t\n\t\t\t\t\t<\/div>\n\t\t\t\t\t\t\t\t\n<style>\n#image_745401412 {\n  width: 100%;\n}\n<\/style>\n\t<\/div>\n\t\n\t\t<\/div>\n\t\t\t\t\t<\/div>\n\n\t\n\n\t<div id=\"col-1369335696\" class=\"col medium-6 small-12 large-6\"  data-animate=\"fadeInRight\">\n\t\t\t\t<div class=\"col-inner text-left\"  >\n\t\t\t\n\t\t\t\n<p class=\"p1\">Nous sommes une entreprise familiale sp\u00e9cialis\u00e9e dans la c\u00e9ramique de d\u00e9coration et de jardinage. En 2007, en pleine crise \u00e9conomique, la fondation des Alfareros de Juana Trigo a eu lieu. La grande exp\u00e9rience de nos travailleurs sur le march\u00e9 nous a permis non seulement de survivre, mais aussi de nous pousser en avant. Gr\u00e2ce \u00e0 leur pers\u00e9v\u00e9rance, \u00e0 leurs efforts et \u00e0 leur originalit\u00e9, Alfareros de Juana Trigo a r\u00e9ussi \u00e0 se faire un nom. Aujourd&rsquo;hui, nous faisons un pas en avant en nous ouvrant au march\u00e9 num\u00e9rique.<\/p>\n\t\t<\/div>\n\t\t\t\t\t<\/div>\n\n\t\n<\/div>\n\t\t<\/div>\n\n\t\t\n<style>\n#section_1114264496 {\n  padding-top: 60px;\n  padding-bottom: 60px;\n  background-color: rgb(193, 193, 193);\n}\n#section_1114264496 .section-bg-overlay {\n  background-color: rgba(255, 255, 255, 0.85);\n}\n<\/style>\n\t<\/section>\n\t\n\n\t<section class=\"section\" id=\"section_1597508302\">\n\t\t<div class=\"section-bg fill\" >\n\t\t\t\t\t\t\t\t\t<div class=\"section-bg-overlay absolute fill\"><\/div>\n\t\t\t\n\n\t\t<\/div>\n\n\t\t\n\n\t\t<div class=\"section-content relative\">\n\t\t\t\n<div class=\"row row-large align-middle\"  id=\"row-1616427525\">\n\n\t<div id=\"col-1262022062\" class=\"col medium-6 small-12 large-6\"  data-animate=\"fadeInLeft\">\n\t\t\t\t<div class=\"col-inner text-left\"  >\n\t\t\t\n\t\t\t\n<p>Nous voulons rapprocher la nature de tous les foyers possibles, afin qu&rsquo;ils soient remplis de vie et d&rsquo;harmonie. C&rsquo;est pourquoi, \u00e0 Alfareros de Juana Trigo, nous nous effor\u00e7ons d&rsquo;offrir la base pour y parvenir, la base du jardinage, les pots en argile les plus originaux qui offrent les conditions id\u00e9ales pour que les plantes se d\u00e9veloppent de mani\u00e8re saine. Chez Alfareros de Juana Trigo, nous sommes conscients de la conservation de l&rsquo;environnement, c&rsquo;est pourquoi dans tous nos processus de production nous luttons chaque jour pour limiter au maximum la pollution.<\/p>\n\t\t<\/div>\n\t\t\t\t\t<\/div>\n\n\t\n\n\t<div id=\"col-1491234612\" class=\"col medium-6 small-12 large-6\"  data-animate=\"fadeInRight\">\n\t\t\t\t<div class=\"col-inner\"  >\n\t\t\t\n\t\t\t\n\t<div class=\"img has-hover x md-x lg-x y md-y lg-y\" id=\"image_63134192\">\n\t\t\t\t\t\t\t\t<div class=\"img-inner box-shadow-2 dark\" >\n\t\t\t<img loading=\"lazy\" decoding=\"async\" width=\"1020\" height=\"755\" src=\"https:\/\/alfarerosdejuanatrigo.com\/wp-content\/uploads\/2021\/12\/Imagen-2-Sobre-N-1081x800.jpg\" class=\"attachment-large size-large\" alt=\"\" srcset=\"https:\/\/alfarerosdejuanatrigo.com\/wp-content\/uploads\/2021\/12\/Imagen-2-Sobre-N-1081x800.jpg 1081w, https:\/\/alfarerosdejuanatrigo.com\/wp-content\/uploads\/2021\/12\/Imagen-2-Sobre-N-541x400.jpg 541w, https:\/\/alfarerosdejuanatrigo.com\/wp-content\/uploads\/2021\/12\/Imagen-2-Sobre-N-768x568.jpg 768w, https:\/\/alfarerosdejuanatrigo.com\/wp-content\/uploads\/2021\/12\/Imagen-2-Sobre-N-1536x1136.jpg 1536w, https:\/\/alfarerosdejuanatrigo.com\/wp-content\/uploads\/2021\/12\/Imagen-2-Sobre-N-2048x1515.jpg 2048w, https:\/\/alfarerosdejuanatrigo.com\/wp-content\/uploads\/2021\/12\/Imagen-2-Sobre-N-600x444.jpg 600w\" sizes=\"auto, (max-width: 1020px) 100vw, 1020px\" \/>\t\t\t\t\t\t\n\t\t\t\t\t<\/div>\n\t\t\t\t\t\t\t\t\n<style>\n#image_63134192 {\n  width: 100%;\n}\n<\/style>\n\t<\/div>\n\t\n\t\t<\/div>\n\t\t\t\t\t<\/div>\n\n\t\n<\/div>\n\t\t<\/div>\n\n\t\t\n<style>\n#section_1597508302 {\n  padding-top: 60px;\n  padding-bottom: 60px;\n  background-color: rgb(255, 255, 255);\n}\n#section_1597508302 .section-bg-overlay {\n  background-color: rgba(255, 255, 255, 0.85);\n}\n<\/style>\n\t<\/section>\n\t\n\n\t<section class=\"section\" id=\"section_1037633542\">\n\t\t<div class=\"section-bg fill\" >\n\t\t\t\t\t\t\t\t\t<div class=\"section-bg-overlay absolute fill\"><\/div>\n\t\t\t\n\t<div class=\"is-border\"\n\t\tstyle=\"border-width:1px 0px 1px 0px;\">\n\t<\/div>\n\n\t\t<\/div>\n\n\t\t\n\n\t\t<div class=\"section-content relative\">\n\t\t\t\n<div class=\"row row-large align-middle\"  id=\"row-1835597858\">\n\n\t<div id=\"col-1157461969\" class=\"col medium-6 small-12 large-6\"  data-animate=\"fadeInLeft\">\n\t\t\t\t<div class=\"col-inner\"  >\n\t\t\t\n\t\t\t\n\t<div class=\"img has-hover x md-x lg-x y md-y lg-y\" id=\"image_795759002\">\n\t\t\t\t\t\t\t\t<div class=\"img-inner box-shadow-2 dark\" >\n\t\t\t<img loading=\"lazy\" decoding=\"async\" width=\"1020\" height=\"765\" src=\"https:\/\/alfarerosdejuanatrigo.com\/wp-content\/uploads\/2021\/12\/Imagen-3-Sobre-N-1067x800.jpg\" class=\"attachment-large size-large\" alt=\"\" srcset=\"https:\/\/alfarerosdejuanatrigo.com\/wp-content\/uploads\/2021\/12\/Imagen-3-Sobre-N-1067x800.jpg 1067w, https:\/\/alfarerosdejuanatrigo.com\/wp-content\/uploads\/2021\/12\/Imagen-3-Sobre-N-533x400.jpg 533w, https:\/\/alfarerosdejuanatrigo.com\/wp-content\/uploads\/2021\/12\/Imagen-3-Sobre-N-768x576.jpg 768w, https:\/\/alfarerosdejuanatrigo.com\/wp-content\/uploads\/2021\/12\/Imagen-3-Sobre-N-1536x1152.jpg 1536w, https:\/\/alfarerosdejuanatrigo.com\/wp-content\/uploads\/2021\/12\/Imagen-3-Sobre-N-600x450.jpg 600w, https:\/\/alfarerosdejuanatrigo.com\/wp-content\/uploads\/2021\/12\/Imagen-3-Sobre-N.jpg 1600w\" sizes=\"auto, (max-width: 1020px) 100vw, 1020px\" \/>\t\t\t\t\t\t\n\t\t\t\t\t<\/div>\n\t\t\t\t\t\t\t\t\n<style>\n#image_795759002 {\n  width: 100%;\n}\n<\/style>\n\t<\/div>\n\t\n\t\t<\/div>\n\t\t\t\t\t<\/div>\n\n\t\n\n\t<div id=\"col-2116555\" class=\"col medium-6 small-12 large-6\"  data-animate=\"fadeInRight\">\n\t\t\t\t<div class=\"col-inner text-left\"  >\n\t\t\t\n\t\t\t\n<p class=\"p1\">Notre r\u00eave n&rsquo;est pas seulement de remplir de vie les maisons des amoureux du jardin gr\u00e2ce aux plantes, mais aussi de proposer de nouveaux produits qui rompent avec la monotonie de la finition traditionnelle, en variant leur forme ou leur finition. Alfareros de Juana Trigo innove toujours pour rajeunir et actualiser le secteur de la c\u00e9ramique d\u00e9corative, en respectant la longue tradition de notre secteur. Nous suivons notre devise: <b>Inspir\u00e9s par le pass\u00e9, adapt\u00e9s au pr\u00e9sent<\/b><\/p>\n\t\t<\/div>\n\t\t\t\t\t<\/div>\n\n\t\n<\/div>\n\t\t<\/div>\n\n\t\t\n<style>\n#section_1037633542 {\n  padding-top: 60px;\n  padding-bottom: 60px;\n  background-color: rgb(193, 193, 193);\n}\n#section_1037633542 .section-bg-overlay {\n  background-color: rgba(255, 255, 255, 0.85);\n}\n<\/style>\n\t<\/section>\n\t\n<div class=\"row\"  id=\"row-1481922502\">\n\n\t<div id=\"col-699965595\" class=\"col small-12 large-12\"  data-animate=\"fadeInUp\">\n\t\t\t\t<div class=\"col-inner\"  >\n\t\t\t\n\t\t\t\n<p class=\"p1\">Mais \u00e7a ne s&rsquo;arr\u00eate pas l\u00e0. Chez Alfareros de Juana Trigo, nous tissons un nouveau projet qui va au-del\u00e0 de la c\u00e9ramique. Nous sommes attach\u00e9s \u00e0 la diffusion, car pour continuer \u00e0 avancer, nous devons \u00eatre \u00e0 jour et conna\u00eetre nos racines, notre pass\u00e9. Par cons\u00e9quent, un autre de nos objectifs est d&rsquo;adapter notre blog et nos r\u00e9seaux sociaux \u00e0 la diffusion, pour vous offrir \u00e9galement les derni\u00e8res nouvelles du monde de la c\u00e9ramique et du jardinage, les utilisations pratiques de certains produits, des articles int\u00e9ressants sur l&rsquo;histoire de la c\u00e9ramique ou des id\u00e9es de d\u00e9coration et de composition.\n<\/p>\n<div class=\"social-icons follow-icons full-width text-center\" style=\"font-size:128%\"><a href=\"http:\/\/\" target=\"_blank\" data-label=\"Facebook\" class=\"icon primary button circle facebook tooltip\" title=\"Nous suivre sur Facebook\" aria-label=\"Nous suivre sur Facebook\" rel=\"noopener nofollow\" ><i class=\"icon-facebook\" ><\/i><\/a><a href=\"http:\/\/\" target=\"_blank\" data-label=\"Instagram\" class=\"icon primary button circle instagram tooltip\" title=\"Nous suivre sur Instagram\" aria-label=\"Nous suivre sur Instagram\" rel=\"noopener nofollow\" ><i class=\"icon-instagram\" ><\/i><\/a><\/div>\n\t\t<\/div>\n\t\t\t\t\t<\/div>\n\n\t\n<\/div>\n<div class=\"row\"  id=\"row-1208563610\">\n\n\t<div id=\"col-1835563115\" class=\"col small-12 large-12\"  data-animate=\"fadeInUp\">\n\t\t\t\t<div class=\"col-inner\"  >\n\t\t\t\n\t\t\t\n<h3>NOTRE MARQUE<\/h3>\n<p class=\"p1\">Juana Trigo \u00e9tait une femme humble, n\u00e9e dans une ville qui respire l&rsquo;art, l&rsquo;histoire et la tradition de la poterie, Bail\u00e9n. Elle a toujours \u00e9t\u00e9 une femme travailleuse et attentive avec ses amis et voisins, connue et aim\u00e9e par toute la ville. Son mari \u00e9tait potier et Juana, m\u00eame si elle ne travaillait pas dans l&rsquo;atelier parce qu&rsquo;elle devait s&rsquo;occuper de sa famille, faisait tout ce qu&rsquo;elle pouvait pour exprimer sa passion pour la poterie.<br \/>\n\u00c0 la maison, elle apportait des id\u00e9es qui finissaient par aboutir, elle donnait des conseils sur les investissements m\u00eame sans conna\u00eetre les chiffres et, surtout, elle \u00e9tait contagieuse par son enthousiasme et son d\u00e9sir de profiter de la vie, ce qui l&rsquo;amenait \u00e0 \u00eatre aussi pr\u00e9sente dans la poterie que n&rsquo;importe lequel de ses ouvriers. Elle l&rsquo;a fait pour rien, elle l&rsquo;a fait parce que sa passion l&rsquo;a encourag\u00e9e et elle a fini par laisser sa marque. C&rsquo;est pourquoi, en 2007, lorsque son mari et son fils se sont aventur\u00e9s \u00e0 fonder cette entreprise, ils ont d\u00e9cid\u00e9 de lui donner son nom, afin que son courage, sa passion et sa force nous accompagnent pour toujours, qu&rsquo;elle soit notre guide et que tous ceux qui lisent son nom sachent que, pour apporter quelque chose \u00e0 la soci\u00e9t\u00e9, il est non seulement important de travailler dur, mais aussi de le faire avec passion.<\/p>\n\t\t<\/div>\n\t\t\t\t\t<\/div>\n\n\t\n\n\t<div id=\"col-554325260\" class=\"col small-12 large-12\"  data-animate=\"fadeInUp\">\n\t\t\t\t<div class=\"col-inner\"  >\n\t\t\t\n\t\t\t\n<div class=\"text-center\"><div class=\"is-divider divider clearfix\" ><\/div><\/div>\n<div class=\"slider-wrapper relative\" id=\"slider-618716897\" >\n    <div class=\"slider slider-nav-circle slider-nav-large slider-nav-light slider-style-normal\"\n        data-flickity-options='{\n            \"cellAlign\": \"center\",\n            \"imagesLoaded\": true,\n            \"lazyLoad\": 1,\n            \"freeScroll\": false,\n            \"wrapAround\": true,\n            \"autoPlay\": 6000,\n            \"pauseAutoPlayOnHover\" : true,\n            \"prevNextButtons\": true,\n            \"contain\" : true,\n            \"adaptiveHeight\" : true,\n            \"dragThreshold\" : 10,\n            \"percentPosition\": true,\n            \"pageDots\": true,\n            \"rightToLeft\": false,\n            \"draggable\": true,\n            \"selectedAttraction\": 0.1,\n            \"parallax\" : 0,\n            \"friction\": 0.6        }'\n        >\n        \n\t<div class=\"img has-hover x md-x lg-x y md-y lg-y\" id=\"image_811262701\">\n\t\t\t\t\t\t\t\t<div class=\"img-inner dark\" >\n\t\t\t<img loading=\"lazy\" decoding=\"async\" width=\"1000\" height=\"726\" src=\"https:\/\/alfarerosdejuanatrigo.com\/wp-content\/uploads\/2021\/12\/Imagen-4-principal-Sobre-N-1.jpg\" class=\"attachment-large size-large\" alt=\"\" srcset=\"https:\/\/alfarerosdejuanatrigo.com\/wp-content\/uploads\/2021\/12\/Imagen-4-principal-Sobre-N-1.jpg 1000w, https:\/\/alfarerosdejuanatrigo.com\/wp-content\/uploads\/2021\/12\/Imagen-4-principal-Sobre-N-1-551x400.jpg 551w, https:\/\/alfarerosdejuanatrigo.com\/wp-content\/uploads\/2021\/12\/Imagen-4-principal-Sobre-N-1-768x558.jpg 768w, https:\/\/alfarerosdejuanatrigo.com\/wp-content\/uploads\/2021\/12\/Imagen-4-principal-Sobre-N-1-600x436.jpg 600w\" sizes=\"auto, (max-width: 1000px) 100vw, 1000px\" \/>\t\t\t\t\t\t\n\t\t\t\t\t<\/div>\n\t\t\t\t\t\t\t\t\n<style>\n#image_811262701 {\n  width: 100%;\n}\n<\/style>\n\t<\/div>\n\t\n\t<div class=\"img has-hover x md-x lg-x y md-y lg-y\" id=\"image_2118366626\">\n\t\t\t\t\t\t\t\t<div class=\"img-inner dark\" >\n\t\t\t<img loading=\"lazy\" decoding=\"async\" width=\"1000\" height=\"726\" src=\"https:\/\/alfarerosdejuanatrigo.com\/wp-content\/uploads\/2021\/12\/Imagen-5-secundaria-Sobre-N.jpg\" class=\"attachment-large size-large\" alt=\"\" srcset=\"https:\/\/alfarerosdejuanatrigo.com\/wp-content\/uploads\/2021\/12\/Imagen-5-secundaria-Sobre-N.jpg 1000w, https:\/\/alfarerosdejuanatrigo.com\/wp-content\/uploads\/2021\/12\/Imagen-5-secundaria-Sobre-N-551x400.jpg 551w, https:\/\/alfarerosdejuanatrigo.com\/wp-content\/uploads\/2021\/12\/Imagen-5-secundaria-Sobre-N-768x558.jpg 768w, https:\/\/alfarerosdejuanatrigo.com\/wp-content\/uploads\/2021\/12\/Imagen-5-secundaria-Sobre-N-600x436.jpg 600w\" sizes=\"auto, (max-width: 1000px) 100vw, 1000px\" \/>\t\t\t\t\t\t\n\t\t\t\t\t<\/div>\n\t\t\t\t\t\t\t\t\n<style>\n#image_2118366626 {\n  width: 100%;\n}\n<\/style>\n\t<\/div>\n\t\n     <\/div>\n\n     <div class=\"loading-spin dark large centered\"><\/div>\n\n\t<\/div>\n\n\n\t\t<\/div>\n\t\t\t\t\t<\/div>\n\n\t\n<\/div>\n","protected":false},"excerpt":{"rendered":"","protected":false},"author":1,"featured_media":1389,"parent":0,"menu_order":1,"comment_status":"closed","ping_status":"closed","template":"page-blank.php","meta":{"_joinchat":[],"footnotes":""},"class_list":["post-1642","page","type-page","status-publish","has-post-thumbnail","hentry"],"yoast_head":"<!-- This site is optimized with the Yoast SEO plugin v23.0 - https:\/\/yoast.com\/wordpress\/plugins\/seo\/ -->\n<title>Notre entreprise - Alfareros de Juana Trigo<\/title>\n<meta name=\"robots\" content=\"noindex, follow\" \/>\n<meta property=\"og:locale\" content=\"fr_FR\" \/>\n<meta property=\"og:type\" content=\"article\" \/>\n<meta property=\"og:title\" content=\"Notre entreprise - Alfareros de Juana Trigo\" \/>\n<meta property=\"og:url\" content=\"https:\/\/alfarerosdejuanatrigo.com\/fr\/empresa\/\" \/>\n<meta property=\"og:site_name\" content=\"Alfareros de Juana Trigo\" \/>\n<meta property=\"article:modified_time\" content=\"2022-02-04T15:16:22+00:00\" \/>\n<meta property=\"og:image\" content=\"https:\/\/alfarerosdejuanatrigo.com\/wp-content\/uploads\/2016\/08\/dummy-1.jpg\" \/>\n\t<meta property=\"og:image:width\" content=\"400\" \/>\n\t<meta property=\"og:image:height\" content=\"260\" \/>\n\t<meta property=\"og:image:type\" content=\"image\/jpeg\" \/>\n<meta name=\"twitter:card\" content=\"summary_large_image\" \/>\n<script type=\"application\/ld+json\" class=\"yoast-schema-graph\">{\"@context\":\"https:\/\/schema.org\",\"@graph\":[{\"@type\":\"WebPage\",\"@id\":\"https:\/\/alfarerosdejuanatrigo.com\/fr\/empresa\/\",\"url\":\"https:\/\/alfarerosdejuanatrigo.com\/fr\/empresa\/\",\"name\":\"Notre entreprise - Alfareros de Juana Trigo\",\"isPartOf\":{\"@id\":\"https:\/\/alfarerosdejuanatrigo.com\/#website\"},\"primaryImageOfPage\":{\"@id\":\"https:\/\/alfarerosdejuanatrigo.com\/fr\/empresa\/#primaryimage\"},\"image\":{\"@id\":\"https:\/\/alfarerosdejuanatrigo.com\/fr\/empresa\/#primaryimage\"},\"thumbnailUrl\":\"https:\/\/alfarerosdejuanatrigo.com\/wp-content\/uploads\/2016\/08\/dummy-1.jpg\",\"datePublished\":\"2021-12-02T16:25:59+00:00\",\"dateModified\":\"2022-02-04T15:16:22+00:00\",\"breadcrumb\":{\"@id\":\"https:\/\/alfarerosdejuanatrigo.com\/fr\/empresa\/#breadcrumb\"},\"inLanguage\":\"fr-FR\",\"potentialAction\":[{\"@type\":\"ReadAction\",\"target\":[\"https:\/\/alfarerosdejuanatrigo.com\/fr\/empresa\/\"]}]},{\"@type\":\"ImageObject\",\"inLanguage\":\"fr-FR\",\"@id\":\"https:\/\/alfarerosdejuanatrigo.com\/fr\/empresa\/#primaryimage\",\"url\":\"https:\/\/alfarerosdejuanatrigo.com\/wp-content\/uploads\/2016\/08\/dummy-1.jpg\",\"contentUrl\":\"https:\/\/alfarerosdejuanatrigo.com\/wp-content\/uploads\/2016\/08\/dummy-1.jpg\",\"width\":400,\"height\":260},{\"@type\":\"BreadcrumbList\",\"@id\":\"https:\/\/alfarerosdejuanatrigo.com\/fr\/empresa\/#breadcrumb\",\"itemListElement\":[{\"@type\":\"ListItem\",\"position\":1,\"name\":\"Portada\",\"item\":\"https:\/\/alfarerosdejuanatrigo.com\/fr\/\"},{\"@type\":\"ListItem\",\"position\":2,\"name\":\"Notre entreprise\"}]},{\"@type\":\"WebSite\",\"@id\":\"https:\/\/alfarerosdejuanatrigo.com\/#website\",\"url\":\"https:\/\/alfarerosdejuanatrigo.com\/\",\"name\":\"Alfareros de Juana Trigo\",\"description\":\"Otro sitio realizado con WordPress\",\"publisher\":{\"@id\":\"https:\/\/alfarerosdejuanatrigo.com\/#organization\"},\"potentialAction\":[{\"@type\":\"SearchAction\",\"target\":{\"@type\":\"EntryPoint\",\"urlTemplate\":\"https:\/\/alfarerosdejuanatrigo.com\/?s={search_term_string}\"},\"query-input\":\"required name=search_term_string\"}],\"inLanguage\":\"fr-FR\"},{\"@type\":\"Organization\",\"@id\":\"https:\/\/alfarerosdejuanatrigo.com\/#organization\",\"name\":\"Cer\u00e1mica artesanal | Alfareros de Juana Trigo\",\"url\":\"https:\/\/alfarerosdejuanatrigo.com\/\",\"logo\":{\"@type\":\"ImageObject\",\"inLanguage\":\"fr-FR\",\"@id\":\"https:\/\/alfarerosdejuanatrigo.com\/#\/schema\/logo\/image\/\",\"url\":\"https:\/\/alfarerosdejuanatrigo.com\/wp-content\/uploads\/2021\/11\/Logo-negro.png\",\"contentUrl\":\"https:\/\/alfarerosdejuanatrigo.com\/wp-content\/uploads\/2021\/11\/Logo-negro.png\",\"width\":1980,\"height\":614,\"caption\":\"Cer\u00e1mica artesanal | Alfareros de Juana Trigo\"},\"image\":{\"@id\":\"https:\/\/alfarerosdejuanatrigo.com\/#\/schema\/logo\/image\/\"}}]}<\/script>\n<!-- \/ Yoast SEO plugin. -->","yoast_head_json":{"title":"Notre entreprise - Alfareros de Juana Trigo","robots":{"index":"noindex","follow":"follow"},"og_locale":"fr_FR","og_type":"article","og_title":"Notre entreprise - Alfareros de Juana Trigo","og_url":"https:\/\/alfarerosdejuanatrigo.com\/fr\/empresa\/","og_site_name":"Alfareros de Juana Trigo","article_modified_time":"2022-02-04T15:16:22+00:00","og_image":[{"width":400,"height":260,"url":"https:\/\/alfarerosdejuanatrigo.com\/wp-content\/uploads\/2016\/08\/dummy-1.jpg","type":"image\/jpeg"}],"twitter_card":"summary_large_image","schema":{"@context":"https:\/\/schema.org","@graph":[{"@type":"WebPage","@id":"https:\/\/alfarerosdejuanatrigo.com\/fr\/empresa\/","url":"https:\/\/alfarerosdejuanatrigo.com\/fr\/empresa\/","name":"Notre entreprise - Alfareros de Juana Trigo","isPartOf":{"@id":"https:\/\/alfarerosdejuanatrigo.com\/#website"},"primaryImageOfPage":{"@id":"https:\/\/alfarerosdejuanatrigo.com\/fr\/empresa\/#primaryimage"},"image":{"@id":"https:\/\/alfarerosdejuanatrigo.com\/fr\/empresa\/#primaryimage"},"thumbnailUrl":"https:\/\/alfarerosdejuanatrigo.com\/wp-content\/uploads\/2016\/08\/dummy-1.jpg","datePublished":"2021-12-02T16:25:59+00:00","dateModified":"2022-02-04T15:16:22+00:00","breadcrumb":{"@id":"https:\/\/alfarerosdejuanatrigo.com\/fr\/empresa\/#breadcrumb"},"inLanguage":"fr-FR","potentialAction":[{"@type":"ReadAction","target":["https:\/\/alfarerosdejuanatrigo.com\/fr\/empresa\/"]}]},{"@type":"ImageObject","inLanguage":"fr-FR","@id":"https:\/\/alfarerosdejuanatrigo.com\/fr\/empresa\/#primaryimage","url":"https:\/\/alfarerosdejuanatrigo.com\/wp-content\/uploads\/2016\/08\/dummy-1.jpg","contentUrl":"https:\/\/alfarerosdejuanatrigo.com\/wp-content\/uploads\/2016\/08\/dummy-1.jpg","width":400,"height":260},{"@type":"BreadcrumbList","@id":"https:\/\/alfarerosdejuanatrigo.com\/fr\/empresa\/#breadcrumb","itemListElement":[{"@type":"ListItem","position":1,"name":"Portada","item":"https:\/\/alfarerosdejuanatrigo.com\/fr\/"},{"@type":"ListItem","position":2,"name":"Notre entreprise"}]},{"@type":"WebSite","@id":"https:\/\/alfarerosdejuanatrigo.com\/#website","url":"https:\/\/alfarerosdejuanatrigo.com\/","name":"Alfareros de Juana Trigo","description":"Otro sitio realizado con WordPress","publisher":{"@id":"https:\/\/alfarerosdejuanatrigo.com\/#organization"},"potentialAction":[{"@type":"SearchAction","target":{"@type":"EntryPoint","urlTemplate":"https:\/\/alfarerosdejuanatrigo.com\/?s={search_term_string}"},"query-input":"required name=search_term_string"}],"inLanguage":"fr-FR"},{"@type":"Organization","@id":"https:\/\/alfarerosdejuanatrigo.com\/#organization","name":"Cer\u00e1mica artesanal | Alfareros de Juana Trigo","url":"https:\/\/alfarerosdejuanatrigo.com\/","logo":{"@type":"ImageObject","inLanguage":"fr-FR","@id":"https:\/\/alfarerosdejuanatrigo.com\/#\/schema\/logo\/image\/","url":"https:\/\/alfarerosdejuanatrigo.com\/wp-content\/uploads\/2021\/11\/Logo-negro.png","contentUrl":"https:\/\/alfarerosdejuanatrigo.com\/wp-content\/uploads\/2021\/11\/Logo-negro.png","width":1980,"height":614,"caption":"Cer\u00e1mica artesanal | Alfareros de Juana Trigo"},"image":{"@id":"https:\/\/alfarerosdejuanatrigo.com\/#\/schema\/logo\/image\/"}}]}},"_links":{"self":[{"href":"https:\/\/alfarerosdejuanatrigo.com\/fr\/wp-json\/wp\/v2\/pages\/1642","targetHints":{"allow":["GET"]}}],"collection":[{"href":"https:\/\/alfarerosdejuanatrigo.com\/fr\/wp-json\/wp\/v2\/pages"}],"about":[{"href":"https:\/\/alfarerosdejuanatrigo.com\/fr\/wp-json\/wp\/v2\/types\/page"}],"author":[{"embeddable":true,"href":"https:\/\/alfarerosdejuanatrigo.com\/fr\/wp-json\/wp\/v2\/users\/1"}],"replies":[{"embeddable":true,"href":"https:\/\/alfarerosdejuanatrigo.com\/fr\/wp-json\/wp\/v2\/comments?post=1642"}],"version-history":[{"count":3,"href":"https:\/\/alfarerosdejuanatrigo.com\/fr\/wp-json\/wp\/v2\/pages\/1642\/revisions"}],"predecessor-version":[{"id":1708,"href":"https:\/\/alfarerosdejuanatrigo.com\/fr\/wp-json\/wp\/v2\/pages\/1642\/revisions\/1708"}],"wp:featuredmedia":[{"embeddable":true,"href":"https:\/\/alfarerosdejuanatrigo.com\/fr\/wp-json\/wp\/v2\/media\/1389"}],"wp:attachment":[{"href":"https:\/\/alfarerosdejuanatrigo.com\/fr\/wp-json\/wp\/v2\/media?parent=1642"}],"curies":[{"name":"wp","href":"https:\/\/api.w.org\/{rel}","templated":true}]}}