{"id":1639,"date":"2021-12-02T18:24:44","date_gmt":"2021-12-02T18:24:44","guid":{"rendered":"https:\/\/alfarerosdejuanatrigo.com\/estilo\/"},"modified":"2022-02-04T15:09:44","modified_gmt":"2022-02-04T15:09:44","slug":"estilo","status":"publish","type":"page","link":"https:\/\/alfarerosdejuanatrigo.com\/fr\/estilo\/","title":{"rendered":"Style"},"content":{"rendered":"\n  <div class=\"banner has-hover has-parallax\" id=\"banner-1934019531\">\n          <div class=\"banner-inner fill\">\n        <div class=\"banner-bg fill\" data-parallax=\"-8\" data-parallax-container=\".banner\" data-parallax-background>\n            <img loading=\"lazy\" decoding=\"async\" width=\"1020\" height=\"680\" src=\"https:\/\/alfarerosdejuanatrigo.com\/wp-content\/uploads\/2021\/11\/IMG_8393-1200x800.jpg\" class=\"bg attachment-large size-large\" alt=\"\" \/>                        <div class=\"overlay\"><\/div>            \n                    <\/div>\n\t\t\n        <div class=\"banner-layers container\">\n            <div class=\"fill banner-link\"><\/div>            \n   <div id=\"text-box-853818020\" class=\"text-box banner-layer x50 md-x50 lg-x50 y50 md-y50 lg-y50 res-text\">\n                                <div class=\"text-box-content text dark\">\n              \n              <div class=\"text-inner text-center\">\n                  \n<h2 class=\"lead\">Style<\/h2>\n              <\/div>\n           <\/div>\n                            \n<style>\n#text-box-853818020 {\n  width: 60%;\n}\n#text-box-853818020 .text-box-content {\n  font-size: 100%;\n}\n<\/style>\n    <\/div>\n \n        <\/div>\n      <\/div>\n\n            \n<style>\n#banner-1934019531 {\n  padding-top: 200px;\n}\n#banner-1934019531 .overlay {\n  background-color: rgba(0, 0, 0, 0.49);\n}\n<\/style>\n  <\/div>\n\n\n\n\t<section class=\"section\" id=\"section_572005971\">\n\t\t<div class=\"section-bg fill\" >\n\t\t\t\t\t\t\t\t\t<div class=\"section-bg-overlay absolute fill\"><\/div>\n\t\t\t\n\t<div class=\"is-border\"\n\t\tstyle=\"border-width:1px 0px 1px 0px;\">\n\t<\/div>\n\n\t\t<\/div>\n\n\t\t\n\n\t\t<div class=\"section-content relative\">\n\t\t\t\n<div class=\"row row-large align-middle\"  id=\"row-1732017308\">\n\n\t<div id=\"col-929226816\" class=\"col medium-6 small-12 large-6\"  >\n\t\t\t\t<div class=\"col-inner\"  >\n\t\t\t\n\t\t\t\n\t<div class=\"img has-hover x md-x lg-x y md-y lg-y\" id=\"image_1070778148\">\n\t\t\t\t\t\t<div data-animate=\"fadeInLeft\">\t\t<div class=\"img-inner box-shadow-2 dark\" >\n\t\t\t<img loading=\"lazy\" decoding=\"async\" width=\"1020\" height=\"680\" src=\"https:\/\/alfarerosdejuanatrigo.com\/wp-content\/uploads\/2021\/12\/Imagen-1-Estilo-1200x800.jpg\" class=\"attachment-large size-large\" alt=\"\" srcset=\"https:\/\/alfarerosdejuanatrigo.com\/wp-content\/uploads\/2021\/12\/Imagen-1-Estilo-1200x800.jpg 1200w, https:\/\/alfarerosdejuanatrigo.com\/wp-content\/uploads\/2021\/12\/Imagen-1-Estilo-600x400.jpg 600w, https:\/\/alfarerosdejuanatrigo.com\/wp-content\/uploads\/2021\/12\/Imagen-1-Estilo-768x512.jpg 768w, https:\/\/alfarerosdejuanatrigo.com\/wp-content\/uploads\/2021\/12\/Imagen-1-Estilo-1536x1024.jpg 1536w, https:\/\/alfarerosdejuanatrigo.com\/wp-content\/uploads\/2021\/12\/Imagen-1-Estilo-2048x1365.jpg 2048w\" sizes=\"auto, (max-width: 1020px) 100vw, 1020px\" \/>\t\t\t\t\t\t\n\t\t\t\t\t<\/div>\n\t\t<\/div>\t\t\t\t\t\t\n<style>\n#image_1070778148 {\n  width: 100%;\n}\n<\/style>\n\t<\/div>\n\t\n\t\t<\/div>\n\t\t\t\t\t<\/div>\n\n\t\n\n\t<div id=\"col-1989742973\" class=\"col medium-6 small-12 large-6\"  data-animate=\"fadeInRight\">\n\t\t\t\t<div class=\"col-inner text-left\"  >\n\t\t\t\n\t\t\t\n<p class=\"p1\">Si vous aimez le jardinage ou la d\u00e9coration, si vous vous consid\u00e9rez comme une personne audacieuse, originale et innovante, si vous aimez le changement, mais que vous aimez la tradition, ne cherchez plus car les Alfareros de Juana Trigo sont les meilleurs alli\u00e9s de votre cause.<\/p>\n\t\t<\/div>\n\t\t\t\t\t<\/div>\n\n\t\n<\/div>\n\t\t<\/div>\n\n\t\t\n<style>\n#section_572005971 {\n  padding-top: 60px;\n  padding-bottom: 60px;\n  background-color: rgb(193, 193, 193);\n}\n#section_572005971 .section-bg-overlay {\n  background-color: rgba(255, 255, 255, 0.85);\n}\n<\/style>\n\t<\/section>\n\t\n\n\t<section class=\"section\" id=\"section_649167925\">\n\t\t<div class=\"section-bg fill\" >\n\t\t\t\t\t\t\t\t\t<div class=\"section-bg-overlay absolute fill\"><\/div>\n\t\t\t\n\n\t\t<\/div>\n\n\t\t\n\n\t\t<div class=\"section-content relative\">\n\t\t\t\n<div class=\"row row-large align-middle\"  id=\"row-1497957884\">\n\n\t<div id=\"col-454356337\" class=\"col medium-6 small-12 large-6\"  data-animate=\"fadeInLeft\">\n\t\t\t\t<div class=\"col-inner text-left\"  >\n\t\t\t\n\t\t\t\n<p class=\"p1\">La poterie est pr\u00e9sente dans notre environnement depuis le n\u00e9olithique. Gr\u00e2ce \u00e0 elle, nous avons pu, entre autres, stocker des liquides, conserver des c\u00e9r\u00e9ales ou cuisiner, des actions qui ont facilit\u00e9 notre vie et nous ont permis d&rsquo;arriver jusqu&rsquo;\u00e0 aujourd&rsquo;hui. Cependant, la poterie n&rsquo;est pas seulement un outil, c&rsquo;est un art.<\/p>\n\t\t<\/div>\n\t\t\t\t\t<\/div>\n\n\t\n\n\t<div id=\"col-88159836\" class=\"col medium-6 small-12 large-6\"  >\n\t\t\t\t<div class=\"col-inner\"  >\n\t\t\t\n\t\t\t\n\t<div class=\"img has-hover x md-x lg-x y md-y lg-y\" id=\"image_1527228410\">\n\t\t\t\t\t\t<div data-animate=\"fadeInRight\">\t\t<div class=\"img-inner box-shadow-2 dark\" >\n\t\t\t<img loading=\"lazy\" decoding=\"async\" width=\"1020\" height=\"680\" src=\"https:\/\/alfarerosdejuanatrigo.com\/wp-content\/uploads\/2021\/12\/Imagen-2-Estilo-1200x800.jpg\" class=\"attachment-large size-large\" alt=\"\" srcset=\"https:\/\/alfarerosdejuanatrigo.com\/wp-content\/uploads\/2021\/12\/Imagen-2-Estilo-1200x800.jpg 1200w, https:\/\/alfarerosdejuanatrigo.com\/wp-content\/uploads\/2021\/12\/Imagen-2-Estilo-600x400.jpg 600w, https:\/\/alfarerosdejuanatrigo.com\/wp-content\/uploads\/2021\/12\/Imagen-2-Estilo-768x512.jpg 768w, https:\/\/alfarerosdejuanatrigo.com\/wp-content\/uploads\/2021\/12\/Imagen-2-Estilo-1536x1024.jpg 1536w, https:\/\/alfarerosdejuanatrigo.com\/wp-content\/uploads\/2021\/12\/Imagen-2-Estilo-2048x1365.jpg 2048w\" sizes=\"auto, (max-width: 1020px) 100vw, 1020px\" \/>\t\t\t\t\t\t\n\t\t\t\t\t<\/div>\n\t\t<\/div>\t\t\t\t\t\t\n<style>\n#image_1527228410 {\n  width: 100%;\n}\n<\/style>\n\t<\/div>\n\t\n\t\t<\/div>\n\t\t\t\t\t<\/div>\n\n\t\n<\/div>\n\t\t<\/div>\n\n\t\t\n<style>\n#section_649167925 {\n  padding-top: 60px;\n  padding-bottom: 60px;\n  background-color: rgb(255, 255, 255);\n}\n#section_649167925 .section-bg-overlay {\n  background-color: rgba(255, 255, 255, 0.85);\n}\n<\/style>\n\t<\/section>\n\t\n\n\t<section class=\"section\" id=\"section_1470218286\">\n\t\t<div class=\"section-bg fill\" >\n\t\t\t\t\t\t\t\t\t<div class=\"section-bg-overlay absolute fill\"><\/div>\n\t\t\t\n\t<div class=\"is-border\"\n\t\tstyle=\"border-width:1px 0px 1px 0px;\">\n\t<\/div>\n\n\t\t<\/div>\n\n\t\t\n\n\t\t<div class=\"section-content relative\">\n\t\t\t\n<div class=\"row row-large align-middle\"  id=\"row-1719087889\">\n\n\t<div id=\"col-611036012\" class=\"col medium-6 small-12 large-6\"  >\n\t\t\t\t<div class=\"col-inner\"  >\n\t\t\t\n\t\t\t\n\t<div class=\"img has-hover x md-x lg-x y md-y lg-y\" id=\"image_1959232001\">\n\t\t\t\t\t\t<div data-animate=\"fadeInLeft\">\t\t<div class=\"img-inner box-shadow-2 dark\" >\n\t\t\t<img loading=\"lazy\" decoding=\"async\" width=\"1020\" height=\"573\" src=\"https:\/\/alfarerosdejuanatrigo.com\/wp-content\/uploads\/2021\/12\/Imagen-3-Estilo-1400x786.jpg\" class=\"attachment-large size-large\" alt=\"\" srcset=\"https:\/\/alfarerosdejuanatrigo.com\/wp-content\/uploads\/2021\/12\/Imagen-3-Estilo-1400x786.jpg 1400w, https:\/\/alfarerosdejuanatrigo.com\/wp-content\/uploads\/2021\/12\/Imagen-3-Estilo-712x400.jpg 712w, https:\/\/alfarerosdejuanatrigo.com\/wp-content\/uploads\/2021\/12\/Imagen-3-Estilo-768x431.jpg 768w, https:\/\/alfarerosdejuanatrigo.com\/wp-content\/uploads\/2021\/12\/Imagen-3-Estilo-1536x863.jpg 1536w, https:\/\/alfarerosdejuanatrigo.com\/wp-content\/uploads\/2021\/12\/Imagen-3-Estilo-2048x1150.jpg 2048w, https:\/\/alfarerosdejuanatrigo.com\/wp-content\/uploads\/2021\/12\/Imagen-3-Estilo-600x337.jpg 600w\" sizes=\"auto, (max-width: 1020px) 100vw, 1020px\" \/>\t\t\t\t\t\t\n\t\t\t\t\t<\/div>\n\t\t<\/div>\t\t\t\t\t\t\n<style>\n#image_1959232001 {\n  width: 100%;\n}\n<\/style>\n\t<\/div>\n\t\n\t\t<\/div>\n\t\t\t\t\t<\/div>\n\n\t\n\n\t<div id=\"col-721148949\" class=\"col medium-6 small-12 large-6\"  data-animate=\"fadeInRight\">\n\t\t\t\t<div class=\"col-inner text-left\"  >\n\t\t\t\n\t\t\t\n<p class=\"p1\">En modelant l&rsquo;argile \u00e0 la main sur le tour du potier, nous sommes capables de concr\u00e9tiser l&rsquo;image que nous avons dans notre esprit et de cr\u00e9er quelque chose d&rsquo;unique, nous cr\u00e9ons l&rsquo;art, nous cr\u00e9ons la vie. C&rsquo;est l&rsquo;essence m\u00eame de notre entreprise et c&rsquo;est pourquoi pratiquement tous nos produits sont 100% faits \u00e0 la main, en gardant toujours \u00e0 l&rsquo;esprit la poterie que nos anc\u00eatres cr\u00e9aient il y a longtemps. Notre style vise \u00e0 remettre le pass\u00e9 au go\u00fbt du jour, \u00e0 innover constamment sans oublier d&rsquo;o\u00f9 nous venons. Telle est notre devise: <b>inspir\u00e9e par le pass\u00e9, adapt\u00e9e au pr\u00e9sent.<\/b><\/p>\n\t\t<\/div>\n\t\t\t\t\t<\/div>\n\n\t\n<\/div>\n\t\t<\/div>\n\n\t\t\n<style>\n#section_1470218286 {\n  padding-top: 60px;\n  padding-bottom: 60px;\n  background-color: rgb(193, 193, 193);\n}\n#section_1470218286 .section-bg-overlay {\n  background-color: rgba(255, 255, 255, 0.85);\n}\n<\/style>\n\t<\/section>\n\t\n<div class=\"row\"  id=\"row-467592643\">\n\n\t<div id=\"col-459363264\" class=\"col small-12 large-12\"  data-animate=\"fadeInUp\">\n\t\t\t\t<div class=\"col-inner\"  >\n\t\t\t\n\t\t\t\n<p class=\"p1\">Nos c\u00e9ramiques visent \u00e0 donner vie et couleur \u00e0 n&rsquo;importe quel coin de maison ou de jardin, ainsi qu&rsquo;\u00e0 rapprocher la nature de notre environnement. C&rsquo;est pourquoi, dans Alfareros de Juana Trigo, nous avons deux lignes dans nos produits. D&rsquo;une part, nous avons la finition rustique, la tradition pure, et, d&rsquo;autre part, nous avons notre gamme de Juana Trigo Aged, la fusion color\u00e9e du pass\u00e9 avec le pr\u00e9sent. Nous avons \u00e9galement dans notre catalogue des produits d\u00e9coratifs originaux, tels que des roses en argile r\u00e9alistes ou des poissons accrocheurs \u00e0 placer sur le mur. N&rsquo;h\u00e9sitez plus, jetez un coup d&rsquo;\u0153il \u00e0 nos produits, merci de faire confiance \u00e0 Alfareros de Juana Trigo.<\/p>\n\t\t<\/div>\n\t\t\t\t\t<\/div>\n\n\t\n<\/div>\n","protected":false},"excerpt":{"rendered":"","protected":false},"author":1,"featured_media":1389,"parent":0,"menu_order":1,"comment_status":"closed","ping_status":"closed","template":"page-blank.php","meta":{"_joinchat":[],"footnotes":""},"class_list":["post-1639","page","type-page","status-publish","has-post-thumbnail","hentry"],"yoast_head":"<!-- This site is optimized with the Yoast SEO plugin v23.0 - https:\/\/yoast.com\/wordpress\/plugins\/seo\/ -->\n<title>Style - Alfareros de Juana Trigo<\/title>\n<meta name=\"robots\" content=\"index, follow, max-snippet:-1, max-image-preview:large, max-video-preview:-1\" \/>\n<link rel=\"canonical\" href=\"https:\/\/alfarerosdejuanatrigo.com\/fr\/estilo\/\" \/>\n<meta property=\"og:locale\" content=\"fr_FR\" \/>\n<meta property=\"og:type\" content=\"article\" \/>\n<meta property=\"og:title\" content=\"Style - Alfareros de Juana Trigo\" \/>\n<meta property=\"og:url\" content=\"https:\/\/alfarerosdejuanatrigo.com\/fr\/estilo\/\" \/>\n<meta property=\"og:site_name\" content=\"Alfareros de Juana Trigo\" \/>\n<meta property=\"article:modified_time\" content=\"2022-02-04T15:09:44+00:00\" \/>\n<meta property=\"og:image\" content=\"https:\/\/alfarerosdejuanatrigo.com\/wp-content\/uploads\/2016\/08\/dummy-1.jpg\" \/>\n\t<meta property=\"og:image:width\" content=\"400\" \/>\n\t<meta property=\"og:image:height\" content=\"260\" \/>\n\t<meta property=\"og:image:type\" content=\"image\/jpeg\" \/>\n<meta name=\"twitter:card\" content=\"summary_large_image\" \/>\n<script type=\"application\/ld+json\" class=\"yoast-schema-graph\">{\"@context\":\"https:\/\/schema.org\",\"@graph\":[{\"@type\":\"WebPage\",\"@id\":\"https:\/\/alfarerosdejuanatrigo.com\/fr\/estilo\/\",\"url\":\"https:\/\/alfarerosdejuanatrigo.com\/fr\/estilo\/\",\"name\":\"Style - Alfareros de Juana Trigo\",\"isPartOf\":{\"@id\":\"https:\/\/alfarerosdejuanatrigo.com\/#website\"},\"primaryImageOfPage\":{\"@id\":\"https:\/\/alfarerosdejuanatrigo.com\/fr\/estilo\/#primaryimage\"},\"image\":{\"@id\":\"https:\/\/alfarerosdejuanatrigo.com\/fr\/estilo\/#primaryimage\"},\"thumbnailUrl\":\"https:\/\/alfarerosdejuanatrigo.com\/wp-content\/uploads\/2016\/08\/dummy-1.jpg\",\"datePublished\":\"2021-12-02T18:24:44+00:00\",\"dateModified\":\"2022-02-04T15:09:44+00:00\",\"breadcrumb\":{\"@id\":\"https:\/\/alfarerosdejuanatrigo.com\/fr\/estilo\/#breadcrumb\"},\"inLanguage\":\"fr-FR\",\"potentialAction\":[{\"@type\":\"ReadAction\",\"target\":[\"https:\/\/alfarerosdejuanatrigo.com\/fr\/estilo\/\"]}]},{\"@type\":\"ImageObject\",\"inLanguage\":\"fr-FR\",\"@id\":\"https:\/\/alfarerosdejuanatrigo.com\/fr\/estilo\/#primaryimage\",\"url\":\"https:\/\/alfarerosdejuanatrigo.com\/wp-content\/uploads\/2016\/08\/dummy-1.jpg\",\"contentUrl\":\"https:\/\/alfarerosdejuanatrigo.com\/wp-content\/uploads\/2016\/08\/dummy-1.jpg\",\"width\":400,\"height\":260},{\"@type\":\"BreadcrumbList\",\"@id\":\"https:\/\/alfarerosdejuanatrigo.com\/fr\/estilo\/#breadcrumb\",\"itemListElement\":[{\"@type\":\"ListItem\",\"position\":1,\"name\":\"Portada\",\"item\":\"https:\/\/alfarerosdejuanatrigo.com\/fr\/\"},{\"@type\":\"ListItem\",\"position\":2,\"name\":\"Style\"}]},{\"@type\":\"WebSite\",\"@id\":\"https:\/\/alfarerosdejuanatrigo.com\/#website\",\"url\":\"https:\/\/alfarerosdejuanatrigo.com\/\",\"name\":\"Alfareros de Juana Trigo\",\"description\":\"Otro sitio realizado con WordPress\",\"publisher\":{\"@id\":\"https:\/\/alfarerosdejuanatrigo.com\/#organization\"},\"potentialAction\":[{\"@type\":\"SearchAction\",\"target\":{\"@type\":\"EntryPoint\",\"urlTemplate\":\"https:\/\/alfarerosdejuanatrigo.com\/?s={search_term_string}\"},\"query-input\":\"required name=search_term_string\"}],\"inLanguage\":\"fr-FR\"},{\"@type\":\"Organization\",\"@id\":\"https:\/\/alfarerosdejuanatrigo.com\/#organization\",\"name\":\"Cer\u00e1mica artesanal | Alfareros de Juana Trigo\",\"url\":\"https:\/\/alfarerosdejuanatrigo.com\/\",\"logo\":{\"@type\":\"ImageObject\",\"inLanguage\":\"fr-FR\",\"@id\":\"https:\/\/alfarerosdejuanatrigo.com\/#\/schema\/logo\/image\/\",\"url\":\"https:\/\/alfarerosdejuanatrigo.com\/wp-content\/uploads\/2021\/11\/Logo-negro.png\",\"contentUrl\":\"https:\/\/alfarerosdejuanatrigo.com\/wp-content\/uploads\/2021\/11\/Logo-negro.png\",\"width\":1980,\"height\":614,\"caption\":\"Cer\u00e1mica artesanal | Alfareros de Juana Trigo\"},\"image\":{\"@id\":\"https:\/\/alfarerosdejuanatrigo.com\/#\/schema\/logo\/image\/\"}}]}<\/script>\n<!-- \/ Yoast SEO plugin. -->","yoast_head_json":{"title":"Style - Alfareros de Juana Trigo","robots":{"index":"index","follow":"follow","max-snippet":"max-snippet:-1","max-image-preview":"max-image-preview:large","max-video-preview":"max-video-preview:-1"},"canonical":"https:\/\/alfarerosdejuanatrigo.com\/fr\/estilo\/","og_locale":"fr_FR","og_type":"article","og_title":"Style - Alfareros de Juana Trigo","og_url":"https:\/\/alfarerosdejuanatrigo.com\/fr\/estilo\/","og_site_name":"Alfareros de Juana Trigo","article_modified_time":"2022-02-04T15:09:44+00:00","og_image":[{"width":400,"height":260,"url":"https:\/\/alfarerosdejuanatrigo.com\/wp-content\/uploads\/2016\/08\/dummy-1.jpg","type":"image\/jpeg"}],"twitter_card":"summary_large_image","schema":{"@context":"https:\/\/schema.org","@graph":[{"@type":"WebPage","@id":"https:\/\/alfarerosdejuanatrigo.com\/fr\/estilo\/","url":"https:\/\/alfarerosdejuanatrigo.com\/fr\/estilo\/","name":"Style - Alfareros de Juana Trigo","isPartOf":{"@id":"https:\/\/alfarerosdejuanatrigo.com\/#website"},"primaryImageOfPage":{"@id":"https:\/\/alfarerosdejuanatrigo.com\/fr\/estilo\/#primaryimage"},"image":{"@id":"https:\/\/alfarerosdejuanatrigo.com\/fr\/estilo\/#primaryimage"},"thumbnailUrl":"https:\/\/alfarerosdejuanatrigo.com\/wp-content\/uploads\/2016\/08\/dummy-1.jpg","datePublished":"2021-12-02T18:24:44+00:00","dateModified":"2022-02-04T15:09:44+00:00","breadcrumb":{"@id":"https:\/\/alfarerosdejuanatrigo.com\/fr\/estilo\/#breadcrumb"},"inLanguage":"fr-FR","potentialAction":[{"@type":"ReadAction","target":["https:\/\/alfarerosdejuanatrigo.com\/fr\/estilo\/"]}]},{"@type":"ImageObject","inLanguage":"fr-FR","@id":"https:\/\/alfarerosdejuanatrigo.com\/fr\/estilo\/#primaryimage","url":"https:\/\/alfarerosdejuanatrigo.com\/wp-content\/uploads\/2016\/08\/dummy-1.jpg","contentUrl":"https:\/\/alfarerosdejuanatrigo.com\/wp-content\/uploads\/2016\/08\/dummy-1.jpg","width":400,"height":260},{"@type":"BreadcrumbList","@id":"https:\/\/alfarerosdejuanatrigo.com\/fr\/estilo\/#breadcrumb","itemListElement":[{"@type":"ListItem","position":1,"name":"Portada","item":"https:\/\/alfarerosdejuanatrigo.com\/fr\/"},{"@type":"ListItem","position":2,"name":"Style"}]},{"@type":"WebSite","@id":"https:\/\/alfarerosdejuanatrigo.com\/#website","url":"https:\/\/alfarerosdejuanatrigo.com\/","name":"Alfareros de Juana Trigo","description":"Otro sitio realizado con WordPress","publisher":{"@id":"https:\/\/alfarerosdejuanatrigo.com\/#organization"},"potentialAction":[{"@type":"SearchAction","target":{"@type":"EntryPoint","urlTemplate":"https:\/\/alfarerosdejuanatrigo.com\/?s={search_term_string}"},"query-input":"required name=search_term_string"}],"inLanguage":"fr-FR"},{"@type":"Organization","@id":"https:\/\/alfarerosdejuanatrigo.com\/#organization","name":"Cer\u00e1mica artesanal | Alfareros de Juana Trigo","url":"https:\/\/alfarerosdejuanatrigo.com\/","logo":{"@type":"ImageObject","inLanguage":"fr-FR","@id":"https:\/\/alfarerosdejuanatrigo.com\/#\/schema\/logo\/image\/","url":"https:\/\/alfarerosdejuanatrigo.com\/wp-content\/uploads\/2021\/11\/Logo-negro.png","contentUrl":"https:\/\/alfarerosdejuanatrigo.com\/wp-content\/uploads\/2021\/11\/Logo-negro.png","width":1980,"height":614,"caption":"Cer\u00e1mica artesanal | Alfareros de Juana Trigo"},"image":{"@id":"https:\/\/alfarerosdejuanatrigo.com\/#\/schema\/logo\/image\/"}}]}},"_links":{"self":[{"href":"https:\/\/alfarerosdejuanatrigo.com\/fr\/wp-json\/wp\/v2\/pages\/1639","targetHints":{"allow":["GET"]}}],"collection":[{"href":"https:\/\/alfarerosdejuanatrigo.com\/fr\/wp-json\/wp\/v2\/pages"}],"about":[{"href":"https:\/\/alfarerosdejuanatrigo.com\/fr\/wp-json\/wp\/v2\/types\/page"}],"author":[{"embeddable":true,"href":"https:\/\/alfarerosdejuanatrigo.com\/fr\/wp-json\/wp\/v2\/users\/1"}],"replies":[{"embeddable":true,"href":"https:\/\/alfarerosdejuanatrigo.com\/fr\/wp-json\/wp\/v2\/comments?post=1639"}],"version-history":[{"count":2,"href":"https:\/\/alfarerosdejuanatrigo.com\/fr\/wp-json\/wp\/v2\/pages\/1639\/revisions"}],"predecessor-version":[{"id":1705,"href":"https:\/\/alfarerosdejuanatrigo.com\/fr\/wp-json\/wp\/v2\/pages\/1639\/revisions\/1705"}],"wp:featuredmedia":[{"embeddable":true,"href":"https:\/\/alfarerosdejuanatrigo.com\/fr\/wp-json\/wp\/v2\/media\/1389"}],"wp:attachment":[{"href":"https:\/\/alfarerosdejuanatrigo.com\/fr\/wp-json\/wp\/v2\/media?parent=1639"}],"curies":[{"name":"wp","href":"https:\/\/api.w.org\/{rel}","templated":true}]}}