{"id":858,"date":"2022-01-04T14:25:24","date_gmt":"2022-01-04T14:25:24","guid":{"rendered":"https:\/\/alfarerosdejuanatrigo.com\/?post_type=product&#038;p=858"},"modified":"2022-02-22T10:52:35","modified_gmt":"2022-02-22T10:52:35","slug":"jarron-bala","status":"publish","type":"product","link":"https:\/\/alfarerosdejuanatrigo.com\/en\/producto\/jarron-bala\/","title":{"rendered":"Jarr\u00f3n Bala"},"content":{"rendered":"<h2>La elegancia y sencillez se fusionan en este Jarr\u00f3n.<\/h2>\n<p>El jarr\u00f3n es un elemento clave en la decoraci\u00f3n de salones e interiores. <strong>Cualquier rinc\u00f3n vac\u00edo es un h\u00e1ndicap a resolver y para esto es ideal esta pieza cer\u00e1mica<\/strong>. Nuestra mejor apuesta personal para <strong>acabar con los rincones aburridos de los hogares<\/strong> es nuestra Bala. Esta pieza recibe su <strong>nombre debido al parecido que guarda con el casquillo de una bala<\/strong>. La historia de este jarr\u00f3n de barro es curiosa. Un d\u00eda, nuestro maestro alfarero encontr\u00f3 un casquillo de bala. Sorprendido, lo cogi\u00f3 y lo examin\u00f3 de la forma que solo aquellos con el don de la creatividad lo har\u00eda. Vio que su silueta era elegante y, cuando al d\u00eda siguiente lleg\u00f3 al taller, solo pod\u00eda pensar en hacer real la imagen mental que ten\u00eda. Gracias a este trivial acontecimiento, vino al mundo <strong>el Jarr\u00f3n Bala, nuestro producto estrella para decoraci\u00f3n de interiores<\/strong>. Su forma, esbelta y delicada, hacen que combinen de esc\u00e1ndalo con flores de tallo alto, sean reales o no, o con elementos finos y largos como ramas o bamb\u00fa. <b>Las opciones son infinitas y el Jarr\u00f3n Bala se presta a hacer que funcione. Por si fuera poco, el original esmalte envejecido marca Juana Trigo elevan m\u00e1s all\u00e1 sus posibilidades decorativas.<\/b><\/p>\n<ul>\n<li>Solo disponible en la gama Envejecidos Juana Trigo.<\/li>\n<li><strong>100% Hecho a mano.<\/strong><\/li>\n<li><strong>Combina con flores o elementos de tallo alto.<\/strong><\/li>\n<li><strong>Material: Arcilla de alta calidad y esmalte \u00fanico en el mercado.<\/strong><\/li>\n<li><strong>Dimensiones:<\/strong> Di\u00e1metro 16 cm \/ Altura 60 cm.<\/li>\n<\/ul>\n<h2>Nuestros colores.<\/h2>\n<ul>\n<li><strong>Gris Medio:\u00a0<\/strong>Tonalidad atrevida y elegante. Es perfecto para a\u00f1adir profundidad y pronunciar los espacios claros.<\/li>\n<li><strong>Azul Cielo:<\/strong> Este color transmite calma y sosiego. Combina sutilmente con tonos blancos y pastel.<\/li>\n<li><strong>Rojo Rubor:\u00a0<\/strong> Ideal para emanar fuerza, energ\u00eda y vitalidad. Util\u00edzalo para que tus espacios sean intensos y sorprendentes.<\/li>\n<li><strong>Blanco Perla:\u00a0<\/strong>Del blanco gusta todo. Es luminoso, atemporal y vers\u00e1til. Sobran razones para amarlo.<\/li>\n<\/ul>\n<p>( El color de las piezas que se observan en las fotograf\u00edas no es id\u00e9ntico al de la pieza f\u00edsica. Esto se debe a que el esmalte refleja la luz e impide a la c\u00e1mara captar el color tal y como es. Las im\u00e1genes no est\u00e1n adulteradas con ning\u00fan programa de edici\u00f3n de imagen, es bastante fiel a la realidad y la variaci\u00f3n es m\u00ednima. Del mismo modo, no hay que guiarse por el nombre de los colores pues los colores resultantes son \u00fanicos y dif\u00edciles de catalogar en la gama crom\u00e1tica. Los adjetivos de los colores son solo una orientaci\u00f3n, no pretenden ser ilustrativos. )<\/p>\n","protected":false},"excerpt":{"rendered":"<p>Jarr\u00f3n de barro hecho a mano, elegante y atrevido, dise\u00f1ado para hacer \u00fanico cualquier rinc\u00f3n del hogar. Disponible en nuestros cuatro colores.<\/p>\n","protected":false},"featured_media":859,"template":"","meta":{"_joinchat":[]},"product_cat":[315],"product_tag":[],"class_list":{"0":"post-858","1":"product","2":"type-product","3":"status-publish","4":"has-post-thumbnail","6":"product_cat-aged-ceramics","8":"first","9":"instock","10":"taxable","11":"shipping-taxable","12":"product-type-variable"},"yoast_head":"<!-- This site is optimized with the Yoast SEO plugin v23.0 - https:\/\/yoast.com\/wordpress\/plugins\/seo\/ -->\n<title>Jarr\u00f3n Bala - Alfareros de Juana Trigo<\/title>\n<meta name=\"robots\" content=\"index, follow, max-snippet:-1, max-image-preview:large, max-video-preview:-1\" \/>\n<link rel=\"canonical\" href=\"https:\/\/alfarerosdejuanatrigo.com\/en\/producto\/jarron-bala\/\" \/>\n<meta property=\"og:locale\" content=\"en_US\" \/>\n<meta property=\"og:type\" content=\"article\" \/>\n<meta property=\"og:title\" content=\"Jarr\u00f3n Bala - Alfareros de Juana Trigo\" \/>\n<meta property=\"og:description\" content=\"Jarr\u00f3n de barro hecho a mano, elegante y atrevido, dise\u00f1ado para hacer \u00fanico cualquier rinc\u00f3n del hogar. Disponible en nuestros cuatro colores.\" \/>\n<meta property=\"og:url\" content=\"https:\/\/alfarerosdejuanatrigo.com\/en\/producto\/jarron-bala\/\" \/>\n<meta property=\"og:site_name\" content=\"Alfareros de Juana Trigo\" \/>\n<meta property=\"article:modified_time\" content=\"2022-02-22T10:52:35+00:00\" \/>\n<meta property=\"og:image\" content=\"https:\/\/alfarerosdejuanatrigo.com\/wp-content\/uploads\/2022\/01\/IMGP0283-1.png\" \/>\n\t<meta property=\"og:image:width\" content=\"1024\" \/>\n\t<meta property=\"og:image:height\" content=\"678\" \/>\n\t<meta property=\"og:image:type\" content=\"image\/png\" \/>\n<meta name=\"twitter:card\" content=\"summary_large_image\" \/>\n<script type=\"application\/ld+json\" class=\"yoast-schema-graph\">{\"@context\":\"https:\/\/schema.org\",\"@graph\":[{\"@type\":\"WebPage\",\"@id\":\"https:\/\/alfarerosdejuanatrigo.com\/en\/producto\/jarron-bala\/\",\"url\":\"https:\/\/alfarerosdejuanatrigo.com\/en\/producto\/jarron-bala\/\",\"name\":\"Jarr\u00f3n Bala - Alfareros de Juana Trigo\",\"isPartOf\":{\"@id\":\"https:\/\/alfarerosdejuanatrigo.com\/#website\"},\"primaryImageOfPage\":{\"@id\":\"https:\/\/alfarerosdejuanatrigo.com\/en\/producto\/jarron-bala\/#primaryimage\"},\"image\":{\"@id\":\"https:\/\/alfarerosdejuanatrigo.com\/en\/producto\/jarron-bala\/#primaryimage\"},\"thumbnailUrl\":\"https:\/\/alfarerosdejuanatrigo.com\/wp-content\/uploads\/2022\/01\/IMGP0283-1.png\",\"datePublished\":\"2022-01-04T14:25:24+00:00\",\"dateModified\":\"2022-02-22T10:52:35+00:00\",\"breadcrumb\":{\"@id\":\"https:\/\/alfarerosdejuanatrigo.com\/en\/producto\/jarron-bala\/#breadcrumb\"},\"inLanguage\":\"en-US\",\"potentialAction\":[{\"@type\":\"ReadAction\",\"target\":[\"https:\/\/alfarerosdejuanatrigo.com\/en\/producto\/jarron-bala\/\"]}]},{\"@type\":\"ImageObject\",\"inLanguage\":\"en-US\",\"@id\":\"https:\/\/alfarerosdejuanatrigo.com\/en\/producto\/jarron-bala\/#primaryimage\",\"url\":\"https:\/\/alfarerosdejuanatrigo.com\/wp-content\/uploads\/2022\/01\/IMGP0283-1.png\",\"contentUrl\":\"https:\/\/alfarerosdejuanatrigo.com\/wp-content\/uploads\/2022\/01\/IMGP0283-1.png\",\"width\":1024,\"height\":678},{\"@type\":\"BreadcrumbList\",\"@id\":\"https:\/\/alfarerosdejuanatrigo.com\/en\/producto\/jarron-bala\/#breadcrumb\",\"itemListElement\":[{\"@type\":\"ListItem\",\"position\":1,\"name\":\"Portada\",\"item\":\"https:\/\/alfarerosdejuanatrigo.com\/en\/\"},{\"@type\":\"ListItem\",\"position\":2,\"name\":\"Shop\",\"item\":\"https:\/\/alfarerosdejuanatrigo.com\/en\/shop\/\"},{\"@type\":\"ListItem\",\"position\":3,\"name\":\"Jarr\u00f3n Bala\"}]},{\"@type\":\"WebSite\",\"@id\":\"https:\/\/alfarerosdejuanatrigo.com\/#website\",\"url\":\"https:\/\/alfarerosdejuanatrigo.com\/\",\"name\":\"Alfareros de Juana Trigo\",\"description\":\"Otro sitio realizado con WordPress\",\"publisher\":{\"@id\":\"https:\/\/alfarerosdejuanatrigo.com\/#organization\"},\"potentialAction\":[{\"@type\":\"SearchAction\",\"target\":{\"@type\":\"EntryPoint\",\"urlTemplate\":\"https:\/\/alfarerosdejuanatrigo.com\/?s={search_term_string}\"},\"query-input\":\"required name=search_term_string\"}],\"inLanguage\":\"en-US\"},{\"@type\":\"Organization\",\"@id\":\"https:\/\/alfarerosdejuanatrigo.com\/#organization\",\"name\":\"Cer\u00e1mica artesanal | Alfareros de Juana Trigo\",\"url\":\"https:\/\/alfarerosdejuanatrigo.com\/\",\"logo\":{\"@type\":\"ImageObject\",\"inLanguage\":\"en-US\",\"@id\":\"https:\/\/alfarerosdejuanatrigo.com\/#\/schema\/logo\/image\/\",\"url\":\"https:\/\/alfarerosdejuanatrigo.com\/wp-content\/uploads\/2021\/11\/Logo-negro.png\",\"contentUrl\":\"https:\/\/alfarerosdejuanatrigo.com\/wp-content\/uploads\/2021\/11\/Logo-negro.png\",\"width\":1980,\"height\":614,\"caption\":\"Cer\u00e1mica artesanal | Alfareros de Juana Trigo\"},\"image\":{\"@id\":\"https:\/\/alfarerosdejuanatrigo.com\/#\/schema\/logo\/image\/\"}}]}<\/script>\n<!-- \/ Yoast SEO plugin. -->","yoast_head_json":{"title":"Jarr\u00f3n Bala - Alfareros de Juana Trigo","robots":{"index":"index","follow":"follow","max-snippet":"max-snippet:-1","max-image-preview":"max-image-preview:large","max-video-preview":"max-video-preview:-1"},"canonical":"https:\/\/alfarerosdejuanatrigo.com\/en\/producto\/jarron-bala\/","og_locale":"en_US","og_type":"article","og_title":"Jarr\u00f3n Bala - Alfareros de Juana Trigo","og_description":"Jarr\u00f3n de barro hecho a mano, elegante y atrevido, dise\u00f1ado para hacer \u00fanico cualquier rinc\u00f3n del hogar. Disponible en nuestros cuatro colores.","og_url":"https:\/\/alfarerosdejuanatrigo.com\/en\/producto\/jarron-bala\/","og_site_name":"Alfareros de Juana Trigo","article_modified_time":"2022-02-22T10:52:35+00:00","og_image":[{"width":1024,"height":678,"url":"https:\/\/alfarerosdejuanatrigo.com\/wp-content\/uploads\/2022\/01\/IMGP0283-1.png","type":"image\/png"}],"twitter_card":"summary_large_image","schema":{"@context":"https:\/\/schema.org","@graph":[{"@type":"WebPage","@id":"https:\/\/alfarerosdejuanatrigo.com\/en\/producto\/jarron-bala\/","url":"https:\/\/alfarerosdejuanatrigo.com\/en\/producto\/jarron-bala\/","name":"Jarr\u00f3n Bala - Alfareros de Juana Trigo","isPartOf":{"@id":"https:\/\/alfarerosdejuanatrigo.com\/#website"},"primaryImageOfPage":{"@id":"https:\/\/alfarerosdejuanatrigo.com\/en\/producto\/jarron-bala\/#primaryimage"},"image":{"@id":"https:\/\/alfarerosdejuanatrigo.com\/en\/producto\/jarron-bala\/#primaryimage"},"thumbnailUrl":"https:\/\/alfarerosdejuanatrigo.com\/wp-content\/uploads\/2022\/01\/IMGP0283-1.png","datePublished":"2022-01-04T14:25:24+00:00","dateModified":"2022-02-22T10:52:35+00:00","breadcrumb":{"@id":"https:\/\/alfarerosdejuanatrigo.com\/en\/producto\/jarron-bala\/#breadcrumb"},"inLanguage":"en-US","potentialAction":[{"@type":"ReadAction","target":["https:\/\/alfarerosdejuanatrigo.com\/en\/producto\/jarron-bala\/"]}]},{"@type":"ImageObject","inLanguage":"en-US","@id":"https:\/\/alfarerosdejuanatrigo.com\/en\/producto\/jarron-bala\/#primaryimage","url":"https:\/\/alfarerosdejuanatrigo.com\/wp-content\/uploads\/2022\/01\/IMGP0283-1.png","contentUrl":"https:\/\/alfarerosdejuanatrigo.com\/wp-content\/uploads\/2022\/01\/IMGP0283-1.png","width":1024,"height":678},{"@type":"BreadcrumbList","@id":"https:\/\/alfarerosdejuanatrigo.com\/en\/producto\/jarron-bala\/#breadcrumb","itemListElement":[{"@type":"ListItem","position":1,"name":"Portada","item":"https:\/\/alfarerosdejuanatrigo.com\/en\/"},{"@type":"ListItem","position":2,"name":"Shop","item":"https:\/\/alfarerosdejuanatrigo.com\/en\/shop\/"},{"@type":"ListItem","position":3,"name":"Jarr\u00f3n Bala"}]},{"@type":"WebSite","@id":"https:\/\/alfarerosdejuanatrigo.com\/#website","url":"https:\/\/alfarerosdejuanatrigo.com\/","name":"Alfareros de Juana Trigo","description":"Otro sitio realizado con WordPress","publisher":{"@id":"https:\/\/alfarerosdejuanatrigo.com\/#organization"},"potentialAction":[{"@type":"SearchAction","target":{"@type":"EntryPoint","urlTemplate":"https:\/\/alfarerosdejuanatrigo.com\/?s={search_term_string}"},"query-input":"required name=search_term_string"}],"inLanguage":"en-US"},{"@type":"Organization","@id":"https:\/\/alfarerosdejuanatrigo.com\/#organization","name":"Cer\u00e1mica artesanal | Alfareros de Juana Trigo","url":"https:\/\/alfarerosdejuanatrigo.com\/","logo":{"@type":"ImageObject","inLanguage":"en-US","@id":"https:\/\/alfarerosdejuanatrigo.com\/#\/schema\/logo\/image\/","url":"https:\/\/alfarerosdejuanatrigo.com\/wp-content\/uploads\/2021\/11\/Logo-negro.png","contentUrl":"https:\/\/alfarerosdejuanatrigo.com\/wp-content\/uploads\/2021\/11\/Logo-negro.png","width":1980,"height":614,"caption":"Cer\u00e1mica artesanal | Alfareros de Juana Trigo"},"image":{"@id":"https:\/\/alfarerosdejuanatrigo.com\/#\/schema\/logo\/image\/"}}]}},"_links":{"self":[{"href":"https:\/\/alfarerosdejuanatrigo.com\/en\/wp-json\/wp\/v2\/product\/858","targetHints":{"allow":["GET"]}}],"collection":[{"href":"https:\/\/alfarerosdejuanatrigo.com\/en\/wp-json\/wp\/v2\/product"}],"about":[{"href":"https:\/\/alfarerosdejuanatrigo.com\/en\/wp-json\/wp\/v2\/types\/product"}],"wp:featuredmedia":[{"embeddable":true,"href":"https:\/\/alfarerosdejuanatrigo.com\/en\/wp-json\/wp\/v2\/media\/859"}],"wp:attachment":[{"href":"https:\/\/alfarerosdejuanatrigo.com\/en\/wp-json\/wp\/v2\/media?parent=858"}],"wp:term":[{"taxonomy":"product_cat","embeddable":true,"href":"https:\/\/alfarerosdejuanatrigo.com\/en\/wp-json\/wp\/v2\/product_cat?post=858"},{"taxonomy":"product_tag","embeddable":true,"href":"https:\/\/alfarerosdejuanatrigo.com\/en\/wp-json\/wp\/v2\/product_tag?post=858"}],"curies":[{"name":"wp","href":"https:\/\/api.w.org\/{rel}","templated":true}]}}