{"id":1646,"date":"2013-08-11T19:22:53","date_gmt":"2013-08-11T19:22:53","guid":{"rendered":"https:\/\/alfarerosdejuanatrigo.com\/contacto\/"},"modified":"2022-02-04T15:06:52","modified_gmt":"2022-02-04T15:06:52","slug":"contacto","status":"publish","type":"page","link":"https:\/\/alfarerosdejuanatrigo.com\/en\/contacto\/","title":{"rendered":"Contact"},"content":{"rendered":"\n\t<section class=\"section\" id=\"section_1327379289\">\n\t\t<div class=\"section-bg fill\" >\n\t\t\t\t\t\t\t\t\t\n\t\t\t\n\n\t\t<\/div>\n\n\t\t\n\n\t\t<div class=\"section-content relative\">\n\t\t\t\n<div class=\"row row-full-width\"  id=\"row-982415371\">\n\n\t<div id=\"col-806737040\" class=\"col small-12 large-12\"  >\n\t\t\t\t<div class=\"col-inner\"  >\n\t\t\t\n\t\t\t\n\n<p><iframe src=\"https:\/\/www.google.com\/maps\/embed?pb=!1m18!1m12!1m3!1d3139.46386150403!2d-3.7689914447967183!3d38.10614156056236!2m3!1f0!2f0!3f0!3m2!1i1024!2i768!4f13.1!3m3!1m2!1s0xd6c27c0e7ddc9a5%3A0x2ff225c2a21c9c05!2sAlfareros%20De%20Juana%20Trigo!5e0!3m2!1ses!2sar!4v1637955838181!5m2!1ses!2sar\" width=\"100%\" height=\"450\" style=\"border:0;\" allowfullscreen=\"\" loading=\"lazy\"><\/iframe><br \/>\n\n\t\t<\/div>\n\t\t\t\t\t<\/div>\n\n\t\n<\/div>\n\t\t<\/div>\n\n\t\t\n<style>\n#section_1327379289 {\n  padding-top: 0px;\n  padding-bottom: 0px;\n}\n<\/style>\n\t<\/section>\n\t\n<div class=\"row\"  id=\"row-509123681\">\n\n\t<div id=\"col-1287030420\" class=\"col medium-6 large-6\"  >\n\t\t\t\t<div class=\"col-inner\"  >\n\t\t\t\n\t\t\t\n<div class=\"container section-title-container\" ><h3 class=\"section-title section-title-normal\"><b><\/b><span class=\"section-title-main\" >Contact with us<\/span><b><\/b><\/h3><\/div>\n\n<div class=\"wpcf7 no-js\" id=\"wpcf7-f1702-o1\" lang=\"en-US\" dir=\"ltr\">\n<div class=\"screen-reader-response\"><p role=\"status\" aria-live=\"polite\" aria-atomic=\"true\"><\/p> <ul><\/ul><\/div>\n<form action=\"\/en\/wp-json\/wp\/v2\/pages\/1646#wpcf7-f1702-o1\" method=\"post\" class=\"wpcf7-form init\" aria-label=\"Contact form\" novalidate=\"novalidate\" data-status=\"init\">\n<div style=\"display: none;\">\n<input type=\"hidden\" name=\"_wpcf7\" value=\"1702\" \/>\n<input type=\"hidden\" name=\"_wpcf7_version\" value=\"5.9.6\" \/>\n<input type=\"hidden\" name=\"_wpcf7_locale\" value=\"en_US\" \/>\n<input type=\"hidden\" name=\"_wpcf7_unit_tag\" value=\"wpcf7-f1702-o1\" \/>\n<input type=\"hidden\" name=\"_wpcf7_container_post\" value=\"0\" \/>\n<input type=\"hidden\" name=\"_wpcf7_posted_data_hash\" value=\"\" \/>\n<input type=\"hidden\" name=\"_wpcf7_recaptcha_response\" value=\"\" \/>\n<\/div>\n<div class=\"form-flat\">\n\t<p><span class=\"wpcf7-form-control-wrap\" data-name=\"your-name\"><input size=\"40\" maxlength=\"80\" class=\"wpcf7-form-control wpcf7-text wpcf7-validates-as-required\" aria-required=\"true\" aria-invalid=\"false\" placeholder=\"First name (*)\" value=\"\" type=\"text\" name=\"your-name\" \/><\/span>\n\t<\/p>\n\t<p><span class=\"wpcf7-form-control-wrap\" data-name=\"your-email\"><input size=\"40\" maxlength=\"80\" class=\"wpcf7-form-control wpcf7-email wpcf7-validates-as-required wpcf7-text wpcf7-validates-as-email\" aria-required=\"true\" aria-invalid=\"false\" placeholder=\"Surname (*)\" value=\"\" type=\"email\" name=\"your-email\" \/><\/span>\n\t<\/p>\n\t<p><span class=\"wpcf7-form-control-wrap\" data-name=\"your-message\"><textarea cols=\"40\" rows=\"10\" maxlength=\"400\" class=\"wpcf7-form-control wpcf7-textarea\" aria-invalid=\"false\" placeholder=\"Your query (*)\" name=\"your-message\"><\/textarea><\/span>\n\t<\/p>\n\t<p><span class=\"wpcf7-form-control-wrap\" data-name=\"acceptance-136\"><span class=\"wpcf7-form-control wpcf7-acceptance\"><span class=\"wpcf7-list-item\"><label><input type=\"checkbox\" name=\"acceptance-136\" value=\"1\" aria-invalid=\"false\" \/><span class=\"wpcf7-list-item-label\">I accept <a href=\"https:\/\/alfarerosdejuanatrigo.com\/politica-privacidad\/\" target=\"blank\" style=\"text-decoration:underline;\">privacy policy<\/a><\/span><\/label><\/span><\/span><\/span><br \/>\n<input class=\"wpcf7-form-control wpcf7-submit has-spinner button\" type=\"submit\" value=\"Envoyer\" \/>\n\t<\/p>\n<\/div><div class=\"wpcf7-response-output\" aria-hidden=\"true\"><\/div>\n<\/form>\n<\/div>\n\n\t\t<\/div>\n\t\t\t\t\t<\/div>\n\n\t\n\n\t<div id=\"col-1588143813\" class=\"col medium-6 large-6\"  >\n\t\t\t\t<div class=\"col-inner\"  >\n\t\t\t\n\t\t\t\n<div class=\"container section-title-container\" ><h3 class=\"section-title section-title-normal\"><b><\/b><span class=\"section-title-main\" >Company details<\/span><b><\/b><\/h3><\/div>\n<h3>Alfareros De Juana Trigo<\/h3>\n<p>Pol. Ind. Valderrepisos, calle Escipi\u00f3n, S\/N, 23710 Bail\u00e9n (Ja\u00e9n), Espa\u00f1a<br \/>\nTel: 953 67 51 37<\/p>\n\t\t<\/div>\n\t\t\t\t\t<\/div>\n\n\t\n<\/div>\n<p>\u00a0<\/p>\n","protected":false},"excerpt":{"rendered":"<p>\u00a0<\/p>\n","protected":false},"author":1,"featured_media":512,"parent":0,"menu_order":0,"comment_status":"closed","ping_status":"closed","template":"page-blank.php","meta":{"_joinchat":[],"footnotes":""},"class_list":["post-1646","page","type-page","status-publish","has-post-thumbnail","hentry"],"yoast_head":"<!-- This site is optimized with the Yoast SEO plugin v23.0 - https:\/\/yoast.com\/wordpress\/plugins\/seo\/ -->\n<title>Contact - Alfareros de Juana Trigo<\/title>\n<meta name=\"robots\" content=\"noindex, follow\" \/>\n<meta property=\"og:locale\" content=\"en_US\" \/>\n<meta property=\"og:type\" content=\"article\" \/>\n<meta property=\"og:title\" content=\"Contact - Alfareros de Juana Trigo\" \/>\n<meta property=\"og:description\" content=\"\u00a0\" \/>\n<meta property=\"og:url\" content=\"https:\/\/alfarerosdejuanatrigo.com\/en\/contacto\/\" \/>\n<meta property=\"og:site_name\" content=\"Alfareros de Juana Trigo\" \/>\n<meta property=\"article:modified_time\" content=\"2022-02-04T15:06:52+00:00\" \/>\n<meta property=\"og:image\" content=\"https:\/\/alfarerosdejuanatrigo.com\/wp-content\/uploads\/2016\/08\/dummy-1.jpg\" \/>\n\t<meta property=\"og:image:width\" content=\"400\" \/>\n\t<meta property=\"og:image:height\" content=\"260\" \/>\n\t<meta property=\"og:image:type\" content=\"image\/jpeg\" \/>\n<meta name=\"twitter:card\" content=\"summary_large_image\" \/>\n<script type=\"application\/ld+json\" class=\"yoast-schema-graph\">{\"@context\":\"https:\/\/schema.org\",\"@graph\":[{\"@type\":\"WebPage\",\"@id\":\"https:\/\/alfarerosdejuanatrigo.com\/en\/contacto\/\",\"url\":\"https:\/\/alfarerosdejuanatrigo.com\/en\/contacto\/\",\"name\":\"Contact - Alfareros de Juana Trigo\",\"isPartOf\":{\"@id\":\"https:\/\/alfarerosdejuanatrigo.com\/#website\"},\"primaryImageOfPage\":{\"@id\":\"https:\/\/alfarerosdejuanatrigo.com\/en\/contacto\/#primaryimage\"},\"image\":{\"@id\":\"https:\/\/alfarerosdejuanatrigo.com\/en\/contacto\/#primaryimage\"},\"thumbnailUrl\":\"https:\/\/alfarerosdejuanatrigo.com\/wp-content\/uploads\/2016\/08\/dummy-1.jpg\",\"datePublished\":\"2013-08-11T19:22:53+00:00\",\"dateModified\":\"2022-02-04T15:06:52+00:00\",\"breadcrumb\":{\"@id\":\"https:\/\/alfarerosdejuanatrigo.com\/en\/contacto\/#breadcrumb\"},\"inLanguage\":\"en-US\",\"potentialAction\":[{\"@type\":\"ReadAction\",\"target\":[\"https:\/\/alfarerosdejuanatrigo.com\/en\/contacto\/\"]}]},{\"@type\":\"ImageObject\",\"inLanguage\":\"en-US\",\"@id\":\"https:\/\/alfarerosdejuanatrigo.com\/en\/contacto\/#primaryimage\",\"url\":\"https:\/\/alfarerosdejuanatrigo.com\/wp-content\/uploads\/2016\/08\/dummy-1.jpg\",\"contentUrl\":\"https:\/\/alfarerosdejuanatrigo.com\/wp-content\/uploads\/2016\/08\/dummy-1.jpg\",\"width\":400,\"height\":260},{\"@type\":\"BreadcrumbList\",\"@id\":\"https:\/\/alfarerosdejuanatrigo.com\/en\/contacto\/#breadcrumb\",\"itemListElement\":[{\"@type\":\"ListItem\",\"position\":1,\"name\":\"Portada\",\"item\":\"https:\/\/alfarerosdejuanatrigo.com\/en\/\"},{\"@type\":\"ListItem\",\"position\":2,\"name\":\"Contact\"}]},{\"@type\":\"WebSite\",\"@id\":\"https:\/\/alfarerosdejuanatrigo.com\/#website\",\"url\":\"https:\/\/alfarerosdejuanatrigo.com\/\",\"name\":\"Alfareros de Juana Trigo\",\"description\":\"Otro sitio realizado con WordPress\",\"publisher\":{\"@id\":\"https:\/\/alfarerosdejuanatrigo.com\/#organization\"},\"potentialAction\":[{\"@type\":\"SearchAction\",\"target\":{\"@type\":\"EntryPoint\",\"urlTemplate\":\"https:\/\/alfarerosdejuanatrigo.com\/?s={search_term_string}\"},\"query-input\":\"required name=search_term_string\"}],\"inLanguage\":\"en-US\"},{\"@type\":\"Organization\",\"@id\":\"https:\/\/alfarerosdejuanatrigo.com\/#organization\",\"name\":\"Cer\u00e1mica artesanal | Alfareros de Juana Trigo\",\"url\":\"https:\/\/alfarerosdejuanatrigo.com\/\",\"logo\":{\"@type\":\"ImageObject\",\"inLanguage\":\"en-US\",\"@id\":\"https:\/\/alfarerosdejuanatrigo.com\/#\/schema\/logo\/image\/\",\"url\":\"https:\/\/alfarerosdejuanatrigo.com\/wp-content\/uploads\/2021\/11\/Logo-negro.png\",\"contentUrl\":\"https:\/\/alfarerosdejuanatrigo.com\/wp-content\/uploads\/2021\/11\/Logo-negro.png\",\"width\":1980,\"height\":614,\"caption\":\"Cer\u00e1mica artesanal | Alfareros de Juana Trigo\"},\"image\":{\"@id\":\"https:\/\/alfarerosdejuanatrigo.com\/#\/schema\/logo\/image\/\"}}]}<\/script>\n<!-- \/ Yoast SEO plugin. -->","yoast_head_json":{"title":"Contact - Alfareros de Juana Trigo","robots":{"index":"noindex","follow":"follow"},"og_locale":"en_US","og_type":"article","og_title":"Contact - Alfareros de Juana Trigo","og_description":"\u00a0","og_url":"https:\/\/alfarerosdejuanatrigo.com\/en\/contacto\/","og_site_name":"Alfareros de Juana Trigo","article_modified_time":"2022-02-04T15:06:52+00:00","og_image":[{"width":400,"height":260,"url":"https:\/\/alfarerosdejuanatrigo.com\/wp-content\/uploads\/2016\/08\/dummy-1.jpg","type":"image\/jpeg"}],"twitter_card":"summary_large_image","schema":{"@context":"https:\/\/schema.org","@graph":[{"@type":"WebPage","@id":"https:\/\/alfarerosdejuanatrigo.com\/en\/contacto\/","url":"https:\/\/alfarerosdejuanatrigo.com\/en\/contacto\/","name":"Contact - Alfareros de Juana Trigo","isPartOf":{"@id":"https:\/\/alfarerosdejuanatrigo.com\/#website"},"primaryImageOfPage":{"@id":"https:\/\/alfarerosdejuanatrigo.com\/en\/contacto\/#primaryimage"},"image":{"@id":"https:\/\/alfarerosdejuanatrigo.com\/en\/contacto\/#primaryimage"},"thumbnailUrl":"https:\/\/alfarerosdejuanatrigo.com\/wp-content\/uploads\/2016\/08\/dummy-1.jpg","datePublished":"2013-08-11T19:22:53+00:00","dateModified":"2022-02-04T15:06:52+00:00","breadcrumb":{"@id":"https:\/\/alfarerosdejuanatrigo.com\/en\/contacto\/#breadcrumb"},"inLanguage":"en-US","potentialAction":[{"@type":"ReadAction","target":["https:\/\/alfarerosdejuanatrigo.com\/en\/contacto\/"]}]},{"@type":"ImageObject","inLanguage":"en-US","@id":"https:\/\/alfarerosdejuanatrigo.com\/en\/contacto\/#primaryimage","url":"https:\/\/alfarerosdejuanatrigo.com\/wp-content\/uploads\/2016\/08\/dummy-1.jpg","contentUrl":"https:\/\/alfarerosdejuanatrigo.com\/wp-content\/uploads\/2016\/08\/dummy-1.jpg","width":400,"height":260},{"@type":"BreadcrumbList","@id":"https:\/\/alfarerosdejuanatrigo.com\/en\/contacto\/#breadcrumb","itemListElement":[{"@type":"ListItem","position":1,"name":"Portada","item":"https:\/\/alfarerosdejuanatrigo.com\/en\/"},{"@type":"ListItem","position":2,"name":"Contact"}]},{"@type":"WebSite","@id":"https:\/\/alfarerosdejuanatrigo.com\/#website","url":"https:\/\/alfarerosdejuanatrigo.com\/","name":"Alfareros de Juana Trigo","description":"Otro sitio realizado con WordPress","publisher":{"@id":"https:\/\/alfarerosdejuanatrigo.com\/#organization"},"potentialAction":[{"@type":"SearchAction","target":{"@type":"EntryPoint","urlTemplate":"https:\/\/alfarerosdejuanatrigo.com\/?s={search_term_string}"},"query-input":"required name=search_term_string"}],"inLanguage":"en-US"},{"@type":"Organization","@id":"https:\/\/alfarerosdejuanatrigo.com\/#organization","name":"Cer\u00e1mica artesanal | Alfareros de Juana Trigo","url":"https:\/\/alfarerosdejuanatrigo.com\/","logo":{"@type":"ImageObject","inLanguage":"en-US","@id":"https:\/\/alfarerosdejuanatrigo.com\/#\/schema\/logo\/image\/","url":"https:\/\/alfarerosdejuanatrigo.com\/wp-content\/uploads\/2021\/11\/Logo-negro.png","contentUrl":"https:\/\/alfarerosdejuanatrigo.com\/wp-content\/uploads\/2021\/11\/Logo-negro.png","width":1980,"height":614,"caption":"Cer\u00e1mica artesanal | Alfareros de Juana Trigo"},"image":{"@id":"https:\/\/alfarerosdejuanatrigo.com\/#\/schema\/logo\/image\/"}}]}},"_links":{"self":[{"href":"https:\/\/alfarerosdejuanatrigo.com\/en\/wp-json\/wp\/v2\/pages\/1646","targetHints":{"allow":["GET"]}}],"collection":[{"href":"https:\/\/alfarerosdejuanatrigo.com\/en\/wp-json\/wp\/v2\/pages"}],"about":[{"href":"https:\/\/alfarerosdejuanatrigo.com\/en\/wp-json\/wp\/v2\/types\/page"}],"author":[{"embeddable":true,"href":"https:\/\/alfarerosdejuanatrigo.com\/en\/wp-json\/wp\/v2\/users\/1"}],"replies":[{"embeddable":true,"href":"https:\/\/alfarerosdejuanatrigo.com\/en\/wp-json\/wp\/v2\/comments?post=1646"}],"version-history":[{"count":5,"href":"https:\/\/alfarerosdejuanatrigo.com\/en\/wp-json\/wp\/v2\/pages\/1646\/revisions"}],"predecessor-version":[{"id":1703,"href":"https:\/\/alfarerosdejuanatrigo.com\/en\/wp-json\/wp\/v2\/pages\/1646\/revisions\/1703"}],"wp:featuredmedia":[{"embeddable":true,"href":"https:\/\/alfarerosdejuanatrigo.com\/en\/wp-json\/wp\/v2\/media\/512"}],"wp:attachment":[{"href":"https:\/\/alfarerosdejuanatrigo.com\/en\/wp-json\/wp\/v2\/media?parent=1646"}],"curies":[{"name":"wp","href":"https:\/\/api.w.org\/{rel}","templated":true}]}}